{"id":705,"date":"2021-01-17T00:16:46","date_gmt":"2021-01-17T00:16:46","guid":{"rendered":"https:\/\/interticket.co\/smartcity\/?page_id=705"},"modified":"2021-01-28T11:27:18","modified_gmt":"2021-01-28T11:27:18","slug":"kapcsolat-smartcity-okos-varos-magyarorszag","status":"publish","type":"page","link":"https:\/\/interticket.co\/smartcity\/kapcsolat-smartcity-okos-varos-magyarorszag\/","title":{"rendered":"KAPCSOLAT"},"content":{"rendered":"\t\t<div data-elementor-type=\"wp-page\" data-elementor-id=\"705\" class=\"elementor elementor-705\">\n\t\t\t\t\t\t<section class=\"elementor-section elementor-top-section elementor-element elementor-element-17a3790c elementor-section-stretched elementor-section-full_width elementor-section-content-middle elementor-section-height-default elementor-section-height-default\" data-id=\"17a3790c\" data-element_type=\"section\" data-e-type=\"section\" data-settings=\"{&quot;stretch_section&quot;:&quot;section-stretched&quot;}\">\n\t\t\t\t\t\t<div class=\"elementor-container elementor-column-gap-no\">\n\t\t\t\t\t<div class=\"elementor-column elementor-col-100 elementor-top-column elementor-element elementor-element-6cb9fb01\" data-id=\"6cb9fb01\" data-element_type=\"column\" data-e-type=\"column\">\n\t\t\t<div class=\"elementor-widget-wrap elementor-element-populated\">\n\t\t\t\t\t\t<div class=\"elementor-element elementor-element-366177fa elementor-widget elementor-widget-google_maps\" data-id=\"366177fa\" data-element_type=\"widget\" data-e-type=\"widget\" data-widget_type=\"google_maps.default\">\n\t\t\t\t<div class=\"elementor-widget-container\">\n\t\t\t\t\t\t\t<div class=\"elementor-custom-embed\">\n\t\t\t<iframe loading=\"lazy\"\n\t\t\t\t\tsrc=\"https:\/\/maps.google.com\/maps?q=1139%20Budapest%2C%20V%C3%A1ci%20%C3%BAt%2099.&#038;t=m&#038;z=16&#038;output=embed&#038;iwloc=near\"\n\t\t\t\t\ttitle=\"1139 Budapest, V\u00e1ci \u00fat 99.\"\n\t\t\t\t\taria-label=\"1139 Budapest, V\u00e1ci \u00fat 99.\"\n\t\t\t><\/iframe>\n\t\t<\/div>\n\t\t\t\t\t\t<\/div>\n\t\t\t\t<\/div>\n\t\t\t\t\t<\/div>\n\t\t<\/div>\n\t\t\t\t\t<\/div>\n\t\t<\/section>\n\t\t\t\t<section class=\"elementor-section elementor-top-section elementor-element elementor-element-124cfaaa elementor-section-content-middle elementor-section-boxed elementor-section-height-default elementor-section-height-default\" data-id=\"124cfaaa\" data-element_type=\"section\" data-e-type=\"section\" data-settings=\"{&quot;background_background&quot;:&quot;classic&quot;}\">\n\t\t\t\t\t\t<div class=\"elementor-container elementor-column-gap-wider\">\n\t\t\t\t\t<div class=\"elementor-column elementor-col-50 elementor-top-column elementor-element elementor-element-1e14c094\" data-id=\"1e14c094\" data-element_type=\"column\" data-e-type=\"column\">\n\t\t\t<div class=\"elementor-widget-wrap elementor-element-populated\">\n\t\t\t\t\t\t<div class=\"elementor-element elementor-element-2cf2618 elementor-widget elementor-widget-heading\" data-id=\"2cf2618\" data-element_type=\"widget\" data-e-type=\"widget\" data-widget_type=\"heading.default\">\n\t\t\t\t<div class=\"elementor-widget-container\">\n\t\t\t\t\t<h2 class=\"elementor-heading-title elementor-size-default\">\u00cdrjon nek\u00fcnk<\/h2>\t\t\t\t<\/div>\n\t\t\t\t<\/div>\n\t\t\t\t<div class=\"elementor-element elementor-element-3904e4f elementor-widget elementor-widget-shortcode\" data-id=\"3904e4f\" data-element_type=\"widget\" data-e-type=\"widget\" data-widget_type=\"shortcode.default\">\n\t\t\t\t<div class=\"elementor-widget-container\">\n\t\t\t\t\t\t\t<div class=\"elementor-shortcode\"><div class=\"wpforms-container wpforms-container-full\" id=\"wpforms-539\"><form id=\"wpforms-form-539\" class=\"wpforms-validate wpforms-form\" data-formid=\"539\" method=\"post\" enctype=\"multipart\/form-data\" action=\"\/smartcity\/wp-json\/wp\/v2\/pages\/705\" data-token=\"4f600ebdb071234c8d0297eedfeccbef\" data-token-time=\"1775395230\"><noscript class=\"wpforms-error-noscript\">Please enable JavaScript in your browser to complete this form.<\/noscript><div class=\"wpforms-field-container\"><div id=\"wpforms-539-field_0-container\" class=\"wpforms-field wpforms-field-name wpforms-one-half wpforms-first\" data-field-id=\"0\"><label class=\"wpforms-field-label wpforms-label-hide\" for=\"wpforms-539-field_0\">Name <span class=\"wpforms-required-label\">*<\/span><\/label><input type=\"text\" id=\"wpforms-539-field_0\" class=\"wpforms-field-large wpforms-field-required\" name=\"wpforms[fields][0]\" placeholder=\"Az \u00d6n neve\" required><\/div><div id=\"wpforms-539-field_3-container\" class=\"wpforms-field wpforms-field-email wpforms-one-half\" data-field-id=\"3\"><label class=\"wpforms-field-label wpforms-label-hide\" for=\"wpforms-539-field_3\">Email <span class=\"wpforms-required-label\">*<\/span><\/label><input type=\"email\" id=\"wpforms-539-field_3\" class=\"wpforms-field-large wpforms-field-required\" name=\"wpforms[fields][3]\" placeholder=\"Az \u00d6n email c\u00edme\" spellcheck=\"false\" required><\/div><div id=\"wpforms-539-field_4-container\" class=\"wpforms-field wpforms-field-text\" data-field-id=\"4\"><label class=\"wpforms-field-label\" for=\"wpforms-539-field_4\">T\u00e1rgy <span class=\"wpforms-required-label\">*<\/span><\/label><input type=\"text\" id=\"wpforms-539-field_4\" class=\"wpforms-field-large wpforms-field-required wpforms-limit-characters-enabled\" data-form-id=\"539\" data-field-id=\"4\" data-text-limit=\"80\" name=\"wpforms[fields][4]\" value=\"\u00c9rdekl\u0151d\u00e9s a szolg\u00e1ltat\u00e1ssal kapcsolatban\" placeholder=\"T\u00e1rgy\" maxlength=\"80\" required><\/div><div id=\"wpforms-539-field_2-container\" class=\"wpforms-field wpforms-field-textarea\" data-field-id=\"2\"><label class=\"wpforms-field-label wpforms-label-hide\" for=\"wpforms-539-field_2\">Message <span class=\"wpforms-required-label\">*<\/span><\/label><textarea id=\"wpforms-539-field_2\" class=\"wpforms-field-medium wpforms-field-required wpforms-limit-characters-enabled\" data-form-id=\"539\" data-field-id=\"2\" data-text-limit=\"300\" name=\"wpforms[fields][2]\" placeholder=\"\u00dczenet\" maxlength=\"300\" required><\/textarea><\/div><\/div><!-- .wpforms-field-container --><div class=\"wpforms-submit-container\" ><input type=\"hidden\" name=\"wpforms[id]\" value=\"539\"><input type=\"hidden\" name=\"page_title\" value=\"\"><input type=\"hidden\" name=\"page_url\" value=\"https:\/\/interticket.co\/smartcity\/wp-json\/wp\/v2\/pages\/705\"><input type=\"hidden\" name=\"url_referer\" value=\"\"><button type=\"submit\" name=\"wpforms[submit]\" id=\"wpforms-submit-539\" class=\"wpforms-submit\" data-alt-text=\"K\u00fcld\u00e9s...\" data-submit-text=\"Elk\u00fcld\" aria-live=\"assertive\" value=\"wpforms-submit\">Elk\u00fcld<\/button><\/div><\/form><\/div>  <!-- .wpforms-container --><\/div>\n\t\t\t\t\t\t<\/div>\n\t\t\t\t<\/div>\n\t\t\t\t\t<\/div>\n\t\t<\/div>\n\t\t\t\t<div class=\"elementor-column elementor-col-25 elementor-top-column elementor-element elementor-element-15b57e54\" data-id=\"15b57e54\" data-element_type=\"column\" data-e-type=\"column\">\n\t\t\t<div class=\"elementor-widget-wrap\">\n\t\t\t\t\t\t\t<\/div>\n\t\t<\/div>\n\t\t\t\t<div class=\"elementor-column elementor-col-25 elementor-top-column elementor-element elementor-element-192f9ca5\" data-id=\"192f9ca5\" data-element_type=\"column\" data-e-type=\"column\">\n\t\t\t<div class=\"elementor-widget-wrap elementor-element-populated\">\n\t\t\t\t\t\t<div class=\"elementor-element elementor-element-7cbd0fac elementor-position-inline-start elementor-view-default elementor-mobile-position-block-start elementor-widget elementor-widget-icon-box\" data-id=\"7cbd0fac\" data-element_type=\"widget\" data-e-type=\"widget\" data-widget_type=\"icon-box.default\">\n\t\t\t\t<div class=\"elementor-widget-container\">\n\t\t\t\t\t\t\t<div class=\"elementor-icon-box-wrapper\">\n\n\t\t\t\t\t\t<div class=\"elementor-icon-box-icon\">\n\t\t\t\t<span  class=\"elementor-icon\">\n\t\t\t\t<i aria-hidden=\"true\" class=\"fas fa-star\"><\/i>\t\t\t\t<\/span>\n\t\t\t<\/div>\n\t\t\t\n\t\t\t\t\t\t<div class=\"elementor-icon-box-content\">\n\n\t\t\t\t\t\t\t\t\t<p class=\"elementor-icon-box-title\">\n\t\t\t\t\t\t<span  >\n\t\t\t\t\t\t\tKeressen fel az irod\u00e1nkban\t\t\t\t\t\t<\/span>\n\t\t\t\t\t<\/p>\n\t\t\t\t\n\t\t\t\t\t\t\t\t\t<p class=\"elementor-icon-box-description\">\n\t\t\t\t\t\tV\u00e1ci \u00fat 99.\n<br>\n1139 Budapest\n<br>\nBalance Building 5-6. emelet\t\t\t\t\t<\/p>\n\t\t\t\t\n\t\t\t<\/div>\n\t\t\t\n\t\t<\/div>\n\t\t\t\t\t\t<\/div>\n\t\t\t\t<\/div>\n\t\t\t\t<div class=\"elementor-element elementor-element-13fc9530 elementor-position-inline-start elementor-view-default elementor-mobile-position-block-start elementor-widget elementor-widget-icon-box\" data-id=\"13fc9530\" data-element_type=\"widget\" data-e-type=\"widget\" data-widget_type=\"icon-box.default\">\n\t\t\t\t<div class=\"elementor-widget-container\">\n\t\t\t\t\t\t\t<div class=\"elementor-icon-box-wrapper\">\n\n\t\t\t\t\t\t<div class=\"elementor-icon-box-icon\">\n\t\t\t\t<a href=\"mailto:ors.orszagh@interticket.hu\" class=\"elementor-icon\" tabindex=\"-1\" aria-label=\"H\u00edvjon | \u00cdrjon\">\n\t\t\t\t<i aria-hidden=\"true\" class=\"fas fa-star\"><\/i>\t\t\t\t<\/a>\n\t\t\t<\/div>\n\t\t\t\n\t\t\t\t\t\t<div class=\"elementor-icon-box-content\">\n\n\t\t\t\t\t\t\t\t\t<p class=\"elementor-icon-box-title\">\n\t\t\t\t\t\t<a href=\"mailto:ors.orszagh@interticket.hu\" >\n\t\t\t\t\t\t\tH\u00edvjon | \u00cdrjon\t\t\t\t\t\t<\/a>\n\t\t\t\t\t<\/p>\n\t\t\t\t\n\t\t\t\t\t\t\t\t\t<p class=\"elementor-icon-box-description\">\n\t\t\t\t\t\tOrsz\u00e1gh \u00d6rs\n<br>\n+36 30 9222 002\n<br>\nors.orszagh@interticket.hu\n<br>\nH\u00e9tf\u0151 - p\u00e9ntek, 8:00-18:00\t\t\t\t\t<\/p>\n\t\t\t\t\n\t\t\t<\/div>\n\t\t\t\n\t\t<\/div>\n\t\t\t\t\t\t<\/div>\n\t\t\t\t<\/div>\n\t\t\t\t<div class=\"elementor-element elementor-element-5a2e237c elementor-position-inline-start elementor-view-default elementor-mobile-position-block-start elementor-widget elementor-widget-icon-box\" data-id=\"5a2e237c\" data-element_type=\"widget\" data-e-type=\"widget\" data-widget_type=\"icon-box.default\">\n\t\t\t\t<div class=\"elementor-widget-container\">\n\t\t\t\t\t\t\t<div class=\"elementor-icon-box-wrapper\">\n\n\t\t\t\t\t\t<div class=\"elementor-icon-box-icon\">\n\t\t\t\t<span  class=\"elementor-icon\">\n\t\t\t\t<i aria-hidden=\"true\" class=\"fas fa-star\"><\/i>\t\t\t\t<\/span>\n\t\t\t<\/div>\n\t\t\t\n\t\t\t\t\t\t<div class=\"elementor-icon-box-content\">\n\n\t\t\t\t\t\t\t\t\t<p class=\"elementor-icon-box-title\">\n\t\t\t\t\t\t<span  >\n\t\t\t\t\t\t\tC\u00e9gadatok\t\t\t\t\t\t<\/span>\n\t\t\t\t\t<\/p>\n\t\t\t\t\n\t\t\t\t\t\t\t\t\t<p class=\"elementor-icon-box-description\">\n\t\t\t\t\t\tInterticket Ltd.\n<br>\nAd\u00f3sz\u00e1m: 10384709-2-41\n<br>\nC\u00e9gjegyz\u00e9ksz\u00e1m: 01-09-736766\t\t\t\t\t<\/p>\n\t\t\t\t\n\t\t\t<\/div>\n\t\t\t\n\t\t<\/div>\n\t\t\t\t\t\t<\/div>\n\t\t\t\t<\/div>\n\t\t\t\t\t<\/div>\n\t\t<\/div>\n\t\t\t\t\t<\/div>\n\t\t<\/section>\n\t\t\t\t<\/div>\n\t\t","protected":false},"excerpt":{"rendered":"<p>\u00cdrjon nek\u00fcnk Keressen fel az irod\u00e1nkban V\u00e1ci \u00fat 99. 1139 Budapest Balance Building 5-6. emelet H\u00edvjon | \u00cdrjon Orsz\u00e1gh \u00d6rs +36 30 9222 002 ors.orszagh@interticket.hu H\u00e9tf\u0151 &#8211; p\u00e9ntek, 8:00-18:00 C\u00e9gadatok Interticket Ltd. Ad\u00f3sz\u00e1m: 10384709-2-41 C\u00e9gjegyz\u00e9ksz\u00e1m: 01-09-736766<\/p>\n","protected":false},"author":1,"featured_media":860,"parent":0,"menu_order":0,"comment_status":"closed","ping_status":"closed","template":"page-templates\/template-pagebuilder-full-width.php","meta":{"nf_dc_page":"","om_disable_all_campaigns":false,"_monsterinsights_skip_tracking":false,"_monsterinsights_sitenote_active":false,"_monsterinsights_sitenote_note":"","_monsterinsights_sitenote_category":0,"footnotes":""},"class_list":["post-705","page","type-page","status-publish","has-post-thumbnail","hentry"],"yoast_head":"<!-- This site is optimized with the Yoast SEO plugin v27.3 - https:\/\/yoast.com\/product\/yoast-seo-wordpress\/ -->\n<title>kapcsolat okos v\u00e1ros Magyarorsz\u00e1g - Okos V\u00e1ros k\u00f6nnyed\u00e9n<\/title>\n<meta name=\"description\" content=\"A megold\u00e1sainkkkal \u00f6nkorm\u00e1nyzatok sz\u00e1m\u00e1ra ny\u00fajtunk smart city mobil alkalmaz\u00e1st \u00e9s adminisztr\u00e1ci\u00f3s port\u00e1lt - okos v\u00e1ros Magyarorsz\u00e1g SmartCity kapcsolat\" \/>\n<meta name=\"robots\" content=\"index, follow, max-snippet:-1, max-image-preview:large, max-video-preview:-1\" \/>\n<link rel=\"canonical\" href=\"https:\/\/interticket.co\/smartcity\/kapcsolat-smartcity-okos-varos-magyarorszag\/\" \/>\n<meta property=\"og:locale\" content=\"en_US\" \/>\n<meta property=\"og:type\" content=\"article\" \/>\n<meta property=\"og:title\" content=\"Okos V\u00e1ros k\u00f6nnyed\u00e9n az InterTickettel\" \/>\n<meta property=\"og:description\" content=\"A megold\u00e1sainkkkal \u00f6nkorm\u00e1nyzatok sz\u00e1m\u00e1ra ny\u00fajtunk smart city mobil alkalmaz\u00e1st \u00e9s adminisztr\u00e1ci\u00f3s port\u00e1lt.\" \/>\n<meta property=\"og:url\" content=\"https:\/\/interticket.co\/smartcity\/kapcsolat-smartcity-okos-varos-magyarorszag\/\" \/>\n<meta property=\"og:site_name\" content=\"Smart City\" \/>\n<meta property=\"article:modified_time\" content=\"2021-01-28T11:27:18+00:00\" \/>\n<meta property=\"og:image\" content=\"https:\/\/i2.wp.com\/interticket.co\/smartcity\/wp-content\/uploads\/2021\/01\/smart-city-copy-1.jpg?fit=1024%2C683&ssl=1\" \/>\n\t<meta property=\"og:image:width\" content=\"1024\" \/>\n\t<meta property=\"og:image:height\" content=\"683\" \/>\n\t<meta property=\"og:image:type\" content=\"image\/jpeg\" \/>\n<meta name=\"twitter:card\" content=\"summary_large_image\" \/>\n<meta name=\"twitter:title\" content=\"Okos V\u00e1ros k\u00f6nnyed\u00e9n az InterTickettel\" \/>\n<meta name=\"twitter:description\" content=\"A megold\u00e1sainkkkal \u00f6nkorm\u00e1nyzatok sz\u00e1m\u00e1ra ny\u00fajtunk smart city mobil alkalmaz\u00e1st \u00e9s adminisztr\u00e1ci\u00f3s port\u00e1lt.\" \/>\n<meta name=\"twitter:image\" content=\"https:\/\/i0.wp.com\/interticket.co\/smartcity\/wp-content\/uploads\/2021\/01\/smart-city-copy-1.jpg?fit=1024%2C683&ssl=1\" \/>\n<meta name=\"twitter:label1\" content=\"Est. reading time\" \/>\n\t<meta name=\"twitter:data1\" content=\"1 minute\" \/>\n<script type=\"application\/ld+json\" class=\"yoast-schema-graph\">{\"@context\":\"https:\\\/\\\/schema.org\",\"@graph\":[{\"@type\":\"WebPage\",\"@id\":\"https:\\\/\\\/interticket.co\\\/smartcity\\\/kapcsolat-smartcity-okos-varos-magyarorszag\\\/\",\"url\":\"https:\\\/\\\/interticket.co\\\/smartcity\\\/kapcsolat-smartcity-okos-varos-magyarorszag\\\/\",\"name\":\"kapcsolat okos v\u00e1ros Magyarorsz\u00e1g - Okos V\u00e1ros k\u00f6nnyed\u00e9n\",\"isPartOf\":{\"@id\":\"https:\\\/\\\/interticket.co\\\/smartcity\\\/#website\"},\"primaryImageOfPage\":{\"@id\":\"https:\\\/\\\/interticket.co\\\/smartcity\\\/kapcsolat-smartcity-okos-varos-magyarorszag\\\/#primaryimage\"},\"image\":{\"@id\":\"https:\\\/\\\/interticket.co\\\/smartcity\\\/kapcsolat-smartcity-okos-varos-magyarorszag\\\/#primaryimage\"},\"thumbnailUrl\":\"https:\\\/\\\/i0.wp.com\\\/interticket.co\\\/smartcity\\\/wp-content\\\/uploads\\\/2021\\\/01\\\/smart-city-copy-1.jpg?fit=1024%2C683&ssl=1\",\"datePublished\":\"2021-01-17T00:16:46+00:00\",\"dateModified\":\"2021-01-28T11:27:18+00:00\",\"description\":\"A megold\u00e1sainkkkal \u00f6nkorm\u00e1nyzatok sz\u00e1m\u00e1ra ny\u00fajtunk smart city mobil alkalmaz\u00e1st \u00e9s adminisztr\u00e1ci\u00f3s port\u00e1lt - okos v\u00e1ros Magyarorsz\u00e1g SmartCity kapcsolat\",\"breadcrumb\":{\"@id\":\"https:\\\/\\\/interticket.co\\\/smartcity\\\/kapcsolat-smartcity-okos-varos-magyarorszag\\\/#breadcrumb\"},\"inLanguage\":\"en-US\",\"potentialAction\":[{\"@type\":\"ReadAction\",\"target\":[\"https:\\\/\\\/interticket.co\\\/smartcity\\\/kapcsolat-smartcity-okos-varos-magyarorszag\\\/\"]}]},{\"@type\":\"ImageObject\",\"inLanguage\":\"en-US\",\"@id\":\"https:\\\/\\\/interticket.co\\\/smartcity\\\/kapcsolat-smartcity-okos-varos-magyarorszag\\\/#primaryimage\",\"url\":\"https:\\\/\\\/i0.wp.com\\\/interticket.co\\\/smartcity\\\/wp-content\\\/uploads\\\/2021\\\/01\\\/smart-city-copy-1.jpg?fit=1024%2C683&ssl=1\",\"contentUrl\":\"https:\\\/\\\/i0.wp.com\\\/interticket.co\\\/smartcity\\\/wp-content\\\/uploads\\\/2021\\\/01\\\/smart-city-copy-1.jpg?fit=1024%2C683&ssl=1\",\"width\":1024,\"height\":683},{\"@type\":\"BreadcrumbList\",\"@id\":\"https:\\\/\\\/interticket.co\\\/smartcity\\\/kapcsolat-smartcity-okos-varos-magyarorszag\\\/#breadcrumb\",\"itemListElement\":[{\"@type\":\"ListItem\",\"position\":1,\"name\":\"Home\",\"item\":\"https:\\\/\\\/interticket.co\\\/smartcity\\\/en\\\/interticket-smart-city-solutions-edemocracy-2\\\/\"},{\"@type\":\"ListItem\",\"position\":2,\"name\":\"KAPCSOLAT\"}]},{\"@type\":\"WebSite\",\"@id\":\"https:\\\/\\\/interticket.co\\\/smartcity\\\/#website\",\"url\":\"https:\\\/\\\/interticket.co\\\/smartcity\\\/\",\"name\":\"Smart City\",\"description\":\"Smart City solutions has never been easier\",\"publisher\":{\"@id\":\"https:\\\/\\\/interticket.co\\\/smartcity\\\/#organization\"},\"potentialAction\":[{\"@type\":\"SearchAction\",\"target\":{\"@type\":\"EntryPoint\",\"urlTemplate\":\"https:\\\/\\\/interticket.co\\\/smartcity\\\/?s={search_term_string}\"},\"query-input\":{\"@type\":\"PropertyValueSpecification\",\"valueRequired\":true,\"valueName\":\"search_term_string\"}}],\"inLanguage\":\"en-US\"},{\"@type\":\"Organization\",\"@id\":\"https:\\\/\\\/interticket.co\\\/smartcity\\\/#organization\",\"name\":\"InterTicket Kft.\",\"url\":\"https:\\\/\\\/interticket.co\\\/smartcity\\\/\",\"logo\":{\"@type\":\"ImageObject\",\"inLanguage\":\"en-US\",\"@id\":\"https:\\\/\\\/interticket.co\\\/smartcity\\\/#\\\/schema\\\/logo\\\/image\\\/\",\"url\":\"https:\\\/\\\/i2.wp.com\\\/interticket.co\\\/smartcity\\\/wp-content\\\/uploads\\\/2021\\\/01\\\/cropped-ITSS_logo_3x2_500x333-2.png?fit=500%2C333&ssl=1\",\"contentUrl\":\"https:\\\/\\\/i2.wp.com\\\/interticket.co\\\/smartcity\\\/wp-content\\\/uploads\\\/2021\\\/01\\\/cropped-ITSS_logo_3x2_500x333-2.png?fit=500%2C333&ssl=1\",\"width\":500,\"height\":333,\"caption\":\"InterTicket Kft.\"},\"image\":{\"@id\":\"https:\\\/\\\/interticket.co\\\/smartcity\\\/#\\\/schema\\\/logo\\\/image\\\/\"}}]}<\/script>\n<!-- \/ Yoast SEO plugin. -->","yoast_head_json":{"title":"kapcsolat okos v\u00e1ros Magyarorsz\u00e1g - Okos V\u00e1ros k\u00f6nnyed\u00e9n","description":"A megold\u00e1sainkkkal \u00f6nkorm\u00e1nyzatok sz\u00e1m\u00e1ra ny\u00fajtunk smart city mobil alkalmaz\u00e1st \u00e9s adminisztr\u00e1ci\u00f3s port\u00e1lt - okos v\u00e1ros Magyarorsz\u00e1g SmartCity kapcsolat","robots":{"index":"index","follow":"follow","max-snippet":"max-snippet:-1","max-image-preview":"max-image-preview:large","max-video-preview":"max-video-preview:-1"},"canonical":"https:\/\/interticket.co\/smartcity\/kapcsolat-smartcity-okos-varos-magyarorszag\/","og_locale":"en_US","og_type":"article","og_title":"Okos V\u00e1ros k\u00f6nnyed\u00e9n az InterTickettel","og_description":"A megold\u00e1sainkkkal \u00f6nkorm\u00e1nyzatok sz\u00e1m\u00e1ra ny\u00fajtunk smart city mobil alkalmaz\u00e1st \u00e9s adminisztr\u00e1ci\u00f3s port\u00e1lt.","og_url":"https:\/\/interticket.co\/smartcity\/kapcsolat-smartcity-okos-varos-magyarorszag\/","og_site_name":"Smart City","article_modified_time":"2021-01-28T11:27:18+00:00","og_image":[{"width":1024,"height":683,"url":"https:\/\/i2.wp.com\/interticket.co\/smartcity\/wp-content\/uploads\/2021\/01\/smart-city-copy-1.jpg?fit=1024%2C683&ssl=1","type":"image\/jpeg"}],"twitter_card":"summary_large_image","twitter_title":"Okos V\u00e1ros k\u00f6nnyed\u00e9n az InterTickettel","twitter_description":"A megold\u00e1sainkkkal \u00f6nkorm\u00e1nyzatok sz\u00e1m\u00e1ra ny\u00fajtunk smart city mobil alkalmaz\u00e1st \u00e9s adminisztr\u00e1ci\u00f3s port\u00e1lt.","twitter_image":"https:\/\/i0.wp.com\/interticket.co\/smartcity\/wp-content\/uploads\/2021\/01\/smart-city-copy-1.jpg?fit=1024%2C683&ssl=1","twitter_misc":{"Est. reading time":"1 minute"},"schema":{"@context":"https:\/\/schema.org","@graph":[{"@type":"WebPage","@id":"https:\/\/interticket.co\/smartcity\/kapcsolat-smartcity-okos-varos-magyarorszag\/","url":"https:\/\/interticket.co\/smartcity\/kapcsolat-smartcity-okos-varos-magyarorszag\/","name":"kapcsolat okos v\u00e1ros Magyarorsz\u00e1g - Okos V\u00e1ros k\u00f6nnyed\u00e9n","isPartOf":{"@id":"https:\/\/interticket.co\/smartcity\/#website"},"primaryImageOfPage":{"@id":"https:\/\/interticket.co\/smartcity\/kapcsolat-smartcity-okos-varos-magyarorszag\/#primaryimage"},"image":{"@id":"https:\/\/interticket.co\/smartcity\/kapcsolat-smartcity-okos-varos-magyarorszag\/#primaryimage"},"thumbnailUrl":"https:\/\/i0.wp.com\/interticket.co\/smartcity\/wp-content\/uploads\/2021\/01\/smart-city-copy-1.jpg?fit=1024%2C683&ssl=1","datePublished":"2021-01-17T00:16:46+00:00","dateModified":"2021-01-28T11:27:18+00:00","description":"A megold\u00e1sainkkkal \u00f6nkorm\u00e1nyzatok sz\u00e1m\u00e1ra ny\u00fajtunk smart city mobil alkalmaz\u00e1st \u00e9s adminisztr\u00e1ci\u00f3s port\u00e1lt - okos v\u00e1ros Magyarorsz\u00e1g SmartCity kapcsolat","breadcrumb":{"@id":"https:\/\/interticket.co\/smartcity\/kapcsolat-smartcity-okos-varos-magyarorszag\/#breadcrumb"},"inLanguage":"en-US","potentialAction":[{"@type":"ReadAction","target":["https:\/\/interticket.co\/smartcity\/kapcsolat-smartcity-okos-varos-magyarorszag\/"]}]},{"@type":"ImageObject","inLanguage":"en-US","@id":"https:\/\/interticket.co\/smartcity\/kapcsolat-smartcity-okos-varos-magyarorszag\/#primaryimage","url":"https:\/\/i0.wp.com\/interticket.co\/smartcity\/wp-content\/uploads\/2021\/01\/smart-city-copy-1.jpg?fit=1024%2C683&ssl=1","contentUrl":"https:\/\/i0.wp.com\/interticket.co\/smartcity\/wp-content\/uploads\/2021\/01\/smart-city-copy-1.jpg?fit=1024%2C683&ssl=1","width":1024,"height":683},{"@type":"BreadcrumbList","@id":"https:\/\/interticket.co\/smartcity\/kapcsolat-smartcity-okos-varos-magyarorszag\/#breadcrumb","itemListElement":[{"@type":"ListItem","position":1,"name":"Home","item":"https:\/\/interticket.co\/smartcity\/en\/interticket-smart-city-solutions-edemocracy-2\/"},{"@type":"ListItem","position":2,"name":"KAPCSOLAT"}]},{"@type":"WebSite","@id":"https:\/\/interticket.co\/smartcity\/#website","url":"https:\/\/interticket.co\/smartcity\/","name":"Smart City","description":"Smart City solutions has never been easier","publisher":{"@id":"https:\/\/interticket.co\/smartcity\/#organization"},"potentialAction":[{"@type":"SearchAction","target":{"@type":"EntryPoint","urlTemplate":"https:\/\/interticket.co\/smartcity\/?s={search_term_string}"},"query-input":{"@type":"PropertyValueSpecification","valueRequired":true,"valueName":"search_term_string"}}],"inLanguage":"en-US"},{"@type":"Organization","@id":"https:\/\/interticket.co\/smartcity\/#organization","name":"InterTicket Kft.","url":"https:\/\/interticket.co\/smartcity\/","logo":{"@type":"ImageObject","inLanguage":"en-US","@id":"https:\/\/interticket.co\/smartcity\/#\/schema\/logo\/image\/","url":"https:\/\/i2.wp.com\/interticket.co\/smartcity\/wp-content\/uploads\/2021\/01\/cropped-ITSS_logo_3x2_500x333-2.png?fit=500%2C333&ssl=1","contentUrl":"https:\/\/i2.wp.com\/interticket.co\/smartcity\/wp-content\/uploads\/2021\/01\/cropped-ITSS_logo_3x2_500x333-2.png?fit=500%2C333&ssl=1","width":500,"height":333,"caption":"InterTicket Kft."},"image":{"@id":"https:\/\/interticket.co\/smartcity\/#\/schema\/logo\/image\/"}}]}},"jetpack_sharing_enabled":true,"_links":{"self":[{"href":"https:\/\/interticket.co\/smartcity\/wp-json\/wp\/v2\/pages\/705","targetHints":{"allow":["GET"]}}],"collection":[{"href":"https:\/\/interticket.co\/smartcity\/wp-json\/wp\/v2\/pages"}],"about":[{"href":"https:\/\/interticket.co\/smartcity\/wp-json\/wp\/v2\/types\/page"}],"author":[{"embeddable":true,"href":"https:\/\/interticket.co\/smartcity\/wp-json\/wp\/v2\/users\/1"}],"replies":[{"embeddable":true,"href":"https:\/\/interticket.co\/smartcity\/wp-json\/wp\/v2\/comments?post=705"}],"version-history":[{"count":6,"href":"https:\/\/interticket.co\/smartcity\/wp-json\/wp\/v2\/pages\/705\/revisions"}],"predecessor-version":[{"id":899,"href":"https:\/\/interticket.co\/smartcity\/wp-json\/wp\/v2\/pages\/705\/revisions\/899"}],"wp:featuredmedia":[{"embeddable":true,"href":"https:\/\/interticket.co\/smartcity\/wp-json\/wp\/v2\/media\/860"}],"wp:attachment":[{"href":"https:\/\/interticket.co\/smartcity\/wp-json\/wp\/v2\/media?parent=705"}],"curies":[{"name":"wp","href":"https:\/\/api.w.org\/{rel}","templated":true}]}}